{"id":75,"date":"2024-03-11T16:02:37","date_gmt":"2024-03-11T15:02:37","guid":{"rendered":"https:\/\/www.berlianne.com\/?page_id=75"},"modified":"2024-03-12T15:58:34","modified_gmt":"2024-03-12T14:58:34","slug":"contact-illustratrice-berlin","status":"publish","type":"page","link":"https:\/\/www.berlianne.com\/de\/contact-illustratrice-berlin\/","title":{"rendered":"Contact |\u00a0Illustratrice Berlin"},"content":{"rendered":"\t\t<div data-elementor-type=\"wp-page\" data-elementor-id=\"75\" class=\"elementor elementor-75\">\n\t\t\t\t<div class=\"elementor-element elementor-element-1aede7a e-flex e-con-boxed e-con e-parent\" data-id=\"1aede7a\" data-element_type=\"container\" data-e-type=\"container\" data-settings=\"{&quot;background_background&quot;:&quot;classic&quot;}\">\n\t\t\t\t\t<div class=\"e-con-inner\">\n\t\t<div class=\"elementor-element elementor-element-c4ff29c e-flex e-con-boxed e-con e-child\" data-id=\"c4ff29c\" data-element_type=\"container\" data-e-type=\"container\">\n\t\t\t\t\t<div class=\"e-con-inner\">\n\t\t\t\t<div class=\"elementor-element elementor-element-fe72126 elementor-widget elementor-widget-shortcode\" data-id=\"fe72126\" data-element_type=\"widget\" data-e-type=\"widget\" data-widget_type=\"shortcode.default\">\n\t\t\t\t<div class=\"elementor-widget-container\">\n\t\t\t\t\t\t\t<div class=\"elementor-shortcode\"><style id=\"wpforms-css-vars-267\">\n\t\t\t\t#wpforms-267 {\n\t\t\t\t\n\t\t\t}\n\t\t\t<\/style><div class=\"wpforms-container wpforms-container-full wpforms-render-modern\" id=\"wpforms-267\"><form id=\"wpforms-form-267\" class=\"wpforms-validate wpforms-form wpforms-ajax-form\" data-formid=\"267\" method=\"post\" enctype=\"multipart\/form-data\" action=\"\/de\/wp-json\/wp\/v2\/pages\/75\" data-token=\"6837186ac4d609baaac1271947bd9f63\" data-token-time=\"1777533716\"><noscript class=\"wpforms-error-noscript\">Bitte aktiviere JavaScript in deinem Browser, um dieses Formular fertigzustellen.<\/noscript><div id=\"wpforms-error-noscript\" style=\"display: none;\">Bitte aktiviere JavaScript in deinem Browser, um dieses Formular fertigzustellen.<\/div><div class=\"wpforms-field-container\"><div id=\"wpforms-267-field_1-container\" class=\"wpforms-field wpforms-field-name\" data-field-id=\"1\"><fieldset><legend class=\"wpforms-field-label\">Coordonn\u00e9es \/ Kontaktdetails <span class=\"wpforms-required-label\" aria-hidden=\"true\">*<\/span><\/legend><div class=\"wpforms-field-row wpforms-field-large\"><div class=\"wpforms-field-row-block wpforms-first wpforms-one-half\"><input type=\"text\" id=\"wpforms-267-field_1\" class=\"wpforms-field-name-first wpforms-field-required\" name=\"wpforms[fields][1][first]\" placeholder=\" Vorname\" aria-errormessage=\"wpforms-267-field_1-error\" required><label for=\"wpforms-267-field_1\" class=\"wpforms-field-sublabel after\">Vorname<\/label><\/div><div class=\"wpforms-field-row-block wpforms-one-half\"><input type=\"text\" id=\"wpforms-267-field_1-last\" class=\"wpforms-field-name-last wpforms-field-required\" name=\"wpforms[fields][1][last]\" placeholder=\"Name\" aria-errormessage=\"wpforms-267-field_1-last-error\" required><label for=\"wpforms-267-field_1-last\" class=\"wpforms-field-sublabel after\">Nachname<\/label><\/div><\/div><\/fieldset><\/div><div id=\"wpforms-267-field_6-container\" class=\"wpforms-field wpforms-field-text\" data-field-id=\"6\"><label class=\"wpforms-field-label\" for=\"wpforms-267-field_6\">T\u00e9l\u00e9phone \/ Telefonnummer <span class=\"wpforms-required-label\" aria-hidden=\"true\">*<\/span><\/label><input type=\"text\" id=\"wpforms-267-field_6\" class=\"wpforms-field-large wpforms-field-required\" name=\"wpforms[fields][6]\" aria-errormessage=\"wpforms-267-field_6-error\" required><\/div><div id=\"wpforms-267-field_2-container\" class=\"wpforms-field wpforms-field-email\" data-field-id=\"2\"><label class=\"wpforms-field-label\" for=\"wpforms-267-field_2\">E-mail <span class=\"wpforms-required-label\" aria-hidden=\"true\">*<\/span><\/label><input type=\"email\" id=\"wpforms-267-field_2\" class=\"wpforms-field-large wpforms-field-required\" name=\"wpforms[fields][2]\" spellcheck=\"false\" aria-errormessage=\"wpforms-267-field_2-error\" required><\/div><div id=\"wpforms-267-field_4-container\" class=\"wpforms-field wpforms-field-select wpforms-field-select-style-classic\" data-field-id=\"4\"><label class=\"wpforms-field-label\" for=\"wpforms-267-field_4\">Objet \/  Objekt <span class=\"wpforms-required-label\" aria-hidden=\"true\">*<\/span><\/label><select id=\"wpforms-267-field_4\" class=\"wpforms-field-medium wpforms-field-required\" name=\"wpforms[fields][4]\" required=\"required\"><option value=\"Commander une illustration personnalis\u00e9e \/ eine personalisierte Illustration bestellen\"  selected='selected' class=\"choice-1 depth-1\"  >Commander une illustration personnalis\u00e9e \/ eine personalisierte Illustration bestellen<\/option><option value=\"Devenir boutique partenaire \/ Vertriebspartner werden\"  class=\"choice-2 depth-1\"  >Devenir boutique partenaire \/ Vertriebspartner werden<\/option><option value=\"S&#039;inscrire \u00e0 un atelier \/ Sich f\u00fcr ein Workshop anmelden\"  class=\"choice-3 depth-1\"  >S'inscrire \u00e0 un atelier \/ Sich f\u00fcr ein Workshop anmelden<\/option><option value=\"S&#039;inscrire \u00e0 la newsletter \/ sich f\u00fcr die Newsletter anmelden\"  class=\"choice-4 depth-1\"  >S'inscrire \u00e0 la newsletter \/ sich f\u00fcr die Newsletter anmelden<\/option><option value=\"Autre demande \/ Anderes\"  class=\"choice-5 depth-1\"  >Autre demande \/ Anderes<\/option><\/select><\/div><div id=\"wpforms-267-field_5-container\" class=\"wpforms-field wpforms-field-textarea\" data-field-id=\"5\"><label class=\"wpforms-field-label\" for=\"wpforms-267-field_5\">Message \/ Nachricht <span class=\"wpforms-required-label\" aria-hidden=\"true\">*<\/span><\/label><textarea id=\"wpforms-267-field_5\" class=\"wpforms-field-medium wpforms-field-required\" name=\"wpforms[fields][5]\" aria-errormessage=\"wpforms-267-field_5-error\" required><\/textarea><\/div><\/div><!-- .wpforms-field-container --><div class=\"wpforms-submit-container\" ><input type=\"hidden\" name=\"wpforms[id]\" value=\"267\"><input type=\"hidden\" name=\"page_title\" value=\"\"><input type=\"hidden\" name=\"page_url\" value=\"https:\/\/www.berlianne.com\/de\/wp-json\/wp\/v2\/pages\/75\"><input type=\"hidden\" name=\"url_referer\" value=\"\"><button type=\"submit\" name=\"wpforms[submit]\" id=\"wpforms-submit-267\" class=\"wpforms-submit\" data-alt-text=\"Envoi...\" data-submit-text=\"Envoyer\" aria-live=\"assertive\" value=\"wpforms-submit\">Envoyer<\/button><img decoding=\"async\" src=\"https:\/\/www.berlianne.com\/wp-content\/plugins\/wpforms-lite\/assets\/images\/submit-spin.svg\" class=\"wpforms-submit-spinner\" style=\"display: none;\" width=\"26\" height=\"26\" alt=\"Wird geladen\"><\/div><\/form><\/div>  <!-- .wpforms-container --><\/div>\n\t\t\t\t\t\t<\/div>\n\t\t\t\t<\/div>\n\t\t\t\t\t<\/div>\n\t\t\t\t<\/div>\n\t\t\t\t\t<\/div>\n\t\t\t\t<\/div>\n\t\t\t\t<\/div>\n\t\t","protected":false},"excerpt":{"rendered":"","protected":false},"author":2,"featured_media":0,"parent":0,"menu_order":0,"comment_status":"closed","ping_status":"closed","template":"","meta":{"ocean_post_layout":"","ocean_both_sidebars_style":"","ocean_both_sidebars_content_width":0,"ocean_both_sidebars_sidebars_width":0,"ocean_sidebar":"","ocean_second_sidebar":"","ocean_disable_margins":"enable","ocean_add_body_class":"","ocean_shortcode_before_top_bar":"","ocean_shortcode_after_top_bar":"","ocean_shortcode_before_header":"","ocean_shortcode_after_header":"","ocean_has_shortcode":"","ocean_shortcode_after_title":"","ocean_shortcode_before_footer_widgets":"","ocean_shortcode_after_footer_widgets":"","ocean_shortcode_before_footer_bottom":"","ocean_shortcode_after_footer_bottom":"","ocean_display_top_bar":"default","ocean_display_header":"default","ocean_header_style":"","ocean_center_header_left_menu":"","ocean_custom_header_template":"","ocean_custom_logo":0,"ocean_custom_retina_logo":0,"ocean_custom_logo_max_width":0,"ocean_custom_logo_tablet_max_width":0,"ocean_custom_logo_mobile_max_width":0,"ocean_custom_logo_max_height":0,"ocean_custom_logo_tablet_max_height":0,"ocean_custom_logo_mobile_max_height":0,"ocean_header_custom_menu":"","ocean_menu_typo_font_family":"","ocean_menu_typo_font_subset":"","ocean_menu_typo_font_size":0,"ocean_menu_typo_font_size_tablet":0,"ocean_menu_typo_font_size_mobile":0,"ocean_menu_typo_font_size_unit":"px","ocean_menu_typo_font_weight":"","ocean_menu_typo_font_weight_tablet":"","ocean_menu_typo_font_weight_mobile":"","ocean_menu_typo_transform":"","ocean_menu_typo_transform_tablet":"","ocean_menu_typo_transform_mobile":"","ocean_menu_typo_line_height":0,"ocean_menu_typo_line_height_tablet":0,"ocean_menu_typo_line_height_mobile":0,"ocean_menu_typo_line_height_unit":"","ocean_menu_typo_spacing":0,"ocean_menu_typo_spacing_tablet":0,"ocean_menu_typo_spacing_mobile":0,"ocean_menu_typo_spacing_unit":"","ocean_menu_link_color":"","ocean_menu_link_color_hover":"","ocean_menu_link_color_active":"","ocean_menu_link_background":"","ocean_menu_link_hover_background":"","ocean_menu_link_active_background":"","ocean_menu_social_links_bg":"","ocean_menu_social_hover_links_bg":"","ocean_menu_social_links_color":"","ocean_menu_social_hover_links_color":"","ocean_disable_title":"default","ocean_disable_heading":"default","ocean_post_title":"","ocean_post_subheading":"","ocean_post_title_style":"","ocean_post_title_background_color":"","ocean_post_title_background":0,"ocean_post_title_bg_image_position":"","ocean_post_title_bg_image_attachment":"","ocean_post_title_bg_image_repeat":"","ocean_post_title_bg_image_size":"","ocean_post_title_height":0,"ocean_post_title_bg_overlay":0.5,"ocean_post_title_bg_overlay_color":"","ocean_disable_breadcrumbs":"default","ocean_breadcrumbs_color":"","ocean_breadcrumbs_separator_color":"","ocean_breadcrumbs_links_color":"","ocean_breadcrumbs_links_hover_color":"","ocean_display_footer_widgets":"default","ocean_display_footer_bottom":"default","ocean_custom_footer_template":"","footnotes":""},"class_list":["post-75","page","type-page","status-publish","hentry","entry"],"yoast_head":"<!-- This site is optimized with the Yoast SEO plugin v27.5 - https:\/\/yoast.com\/product\/yoast-seo-wordpress\/ -->\n<title>Contact |\u00a0Illustratrice \u00e0 Berlin | Berlianne Illustration<\/title>\n<meta name=\"description\" content=\"Vous cherchez une illustratrice pour donner vie \u00e0 vos projets d&#039;illustration \u00e0 Berlin ?\" \/>\n<meta name=\"robots\" content=\"index, follow, max-snippet:-1, max-image-preview:large, max-video-preview:-1\" \/>\n<link rel=\"canonical\" href=\"https:\/\/www.berlianne.com\/de\/contact-illustratrice-berlin\/\" \/>\n<meta property=\"og:locale\" content=\"de_DE\" \/>\n<meta property=\"og:type\" content=\"article\" \/>\n<meta property=\"og:title\" content=\"Contact |\u00a0Illustratrice \u00e0 Berlin | Berlianne Illustration\" \/>\n<meta property=\"og:description\" content=\"Vous cherchez une illustratrice pour donner vie \u00e0 vos projets d&#039;illustration \u00e0 Berlin ?\" \/>\n<meta property=\"og:url\" content=\"https:\/\/www.berlianne.com\/de\/contact-illustratrice-berlin\/\" \/>\n<meta property=\"og:site_name\" content=\"Berlianne Ilustration\" \/>\n<meta property=\"article:modified_time\" content=\"2024-03-12T14:58:34+00:00\" \/>\n<meta name=\"twitter:card\" content=\"summary_large_image\" \/>\n<script type=\"application\/ld+json\" class=\"yoast-schema-graph\">{\"@context\":\"https:\\\/\\\/schema.org\",\"@graph\":[{\"@type\":\"WebPage\",\"@id\":\"https:\\\/\\\/www.berlianne.com\\\/contact-illustratrice-berlin\\\/\",\"url\":\"https:\\\/\\\/www.berlianne.com\\\/contact-illustratrice-berlin\\\/\",\"name\":\"Contact |\u00a0Illustratrice \u00e0 Berlin | Berlianne Illustration\",\"isPartOf\":{\"@id\":\"https:\\\/\\\/www.berlianne.com\\\/#website\"},\"datePublished\":\"2024-03-11T15:02:37+00:00\",\"dateModified\":\"2024-03-12T14:58:34+00:00\",\"description\":\"Vous cherchez une illustratrice pour donner vie \u00e0 vos projets d'illustration \u00e0 Berlin ?\",\"breadcrumb\":{\"@id\":\"https:\\\/\\\/www.berlianne.com\\\/contact-illustratrice-berlin\\\/#breadcrumb\"},\"inLanguage\":\"de\",\"potentialAction\":[{\"@type\":\"ReadAction\",\"target\":[\"https:\\\/\\\/www.berlianne.com\\\/contact-illustratrice-berlin\\\/\"]}]},{\"@type\":\"BreadcrumbList\",\"@id\":\"https:\\\/\\\/www.berlianne.com\\\/contact-illustratrice-berlin\\\/#breadcrumb\",\"itemListElement\":[{\"@type\":\"ListItem\",\"position\":1,\"name\":\"Accueil\",\"item\":\"https:\\\/\\\/www.berlianne.com\\\/\"},{\"@type\":\"ListItem\",\"position\":2,\"name\":\"Contact |\u00a0Illustratrice Berlin\"}]},{\"@type\":\"WebSite\",\"@id\":\"https:\\\/\\\/www.berlianne.com\\\/#website\",\"url\":\"https:\\\/\\\/www.berlianne.com\\\/\",\"name\":\"Berlianne Ilustration\",\"description\":\"Illustratrice \u00e0 Berlin\",\"publisher\":{\"@id\":\"https:\\\/\\\/www.berlianne.com\\\/#organization\"},\"potentialAction\":[{\"@type\":\"SearchAction\",\"target\":{\"@type\":\"EntryPoint\",\"urlTemplate\":\"https:\\\/\\\/www.berlianne.com\\\/?s={search_term_string}\"},\"query-input\":{\"@type\":\"PropertyValueSpecification\",\"valueRequired\":true,\"valueName\":\"search_term_string\"}}],\"inLanguage\":\"de\"},{\"@type\":\"Organization\",\"@id\":\"https:\\\/\\\/www.berlianne.com\\\/#organization\",\"name\":\"Berlianne Ilustration\",\"url\":\"https:\\\/\\\/www.berlianne.com\\\/\",\"logo\":{\"@type\":\"ImageObject\",\"inLanguage\":\"de\",\"@id\":\"https:\\\/\\\/www.berlianne.com\\\/#\\\/schema\\\/logo\\\/image\\\/\",\"url\":\"https:\\\/\\\/www.berlianne.com\\\/wp-content\\\/uploads\\\/2024\\\/03\\\/cropped-Logo-blanc_Anne-1.png\",\"contentUrl\":\"https:\\\/\\\/www.berlianne.com\\\/wp-content\\\/uploads\\\/2024\\\/03\\\/cropped-Logo-blanc_Anne-1.png\",\"width\":476,\"height\":477,\"caption\":\"Berlianne Ilustration\"},\"image\":{\"@id\":\"https:\\\/\\\/www.berlianne.com\\\/#\\\/schema\\\/logo\\\/image\\\/\"}}]}<\/script>\n<!-- \/ Yoast SEO plugin. -->","yoast_head_json":{"title":"Contact |\u00a0Illustratrice \u00e0 Berlin | Berlianne Illustration","description":"Vous cherchez une illustratrice pour donner vie \u00e0 vos projets d'illustration \u00e0 Berlin ?","robots":{"index":"index","follow":"follow","max-snippet":"max-snippet:-1","max-image-preview":"max-image-preview:large","max-video-preview":"max-video-preview:-1"},"canonical":"https:\/\/www.berlianne.com\/de\/contact-illustratrice-berlin\/","og_locale":"de_DE","og_type":"article","og_title":"Contact |\u00a0Illustratrice \u00e0 Berlin | Berlianne Illustration","og_description":"Vous cherchez une illustratrice pour donner vie \u00e0 vos projets d'illustration \u00e0 Berlin ?","og_url":"https:\/\/www.berlianne.com\/de\/contact-illustratrice-berlin\/","og_site_name":"Berlianne Ilustration","article_modified_time":"2024-03-12T14:58:34+00:00","twitter_card":"summary_large_image","schema":{"@context":"https:\/\/schema.org","@graph":[{"@type":"WebPage","@id":"https:\/\/www.berlianne.com\/contact-illustratrice-berlin\/","url":"https:\/\/www.berlianne.com\/contact-illustratrice-berlin\/","name":"Contact |\u00a0Illustratrice \u00e0 Berlin | Berlianne Illustration","isPartOf":{"@id":"https:\/\/www.berlianne.com\/#website"},"datePublished":"2024-03-11T15:02:37+00:00","dateModified":"2024-03-12T14:58:34+00:00","description":"Vous cherchez une illustratrice pour donner vie \u00e0 vos projets d'illustration \u00e0 Berlin ?","breadcrumb":{"@id":"https:\/\/www.berlianne.com\/contact-illustratrice-berlin\/#breadcrumb"},"inLanguage":"de","potentialAction":[{"@type":"ReadAction","target":["https:\/\/www.berlianne.com\/contact-illustratrice-berlin\/"]}]},{"@type":"BreadcrumbList","@id":"https:\/\/www.berlianne.com\/contact-illustratrice-berlin\/#breadcrumb","itemListElement":[{"@type":"ListItem","position":1,"name":"Accueil","item":"https:\/\/www.berlianne.com\/"},{"@type":"ListItem","position":2,"name":"Contact |\u00a0Illustratrice Berlin"}]},{"@type":"WebSite","@id":"https:\/\/www.berlianne.com\/#website","url":"https:\/\/www.berlianne.com\/","name":"Berlianne Ilustration","description":"Illustratrice \u00e0 Berlin","publisher":{"@id":"https:\/\/www.berlianne.com\/#organization"},"potentialAction":[{"@type":"SearchAction","target":{"@type":"EntryPoint","urlTemplate":"https:\/\/www.berlianne.com\/?s={search_term_string}"},"query-input":{"@type":"PropertyValueSpecification","valueRequired":true,"valueName":"search_term_string"}}],"inLanguage":"de"},{"@type":"Organization","@id":"https:\/\/www.berlianne.com\/#organization","name":"Berlianne Ilustration","url":"https:\/\/www.berlianne.com\/","logo":{"@type":"ImageObject","inLanguage":"de","@id":"https:\/\/www.berlianne.com\/#\/schema\/logo\/image\/","url":"https:\/\/www.berlianne.com\/wp-content\/uploads\/2024\/03\/cropped-Logo-blanc_Anne-1.png","contentUrl":"https:\/\/www.berlianne.com\/wp-content\/uploads\/2024\/03\/cropped-Logo-blanc_Anne-1.png","width":476,"height":477,"caption":"Berlianne Ilustration"},"image":{"@id":"https:\/\/www.berlianne.com\/#\/schema\/logo\/image\/"}}]}},"_links":{"self":[{"href":"https:\/\/www.berlianne.com\/de\/wp-json\/wp\/v2\/pages\/75","targetHints":{"allow":["GET"]}}],"collection":[{"href":"https:\/\/www.berlianne.com\/de\/wp-json\/wp\/v2\/pages"}],"about":[{"href":"https:\/\/www.berlianne.com\/de\/wp-json\/wp\/v2\/types\/page"}],"author":[{"embeddable":true,"href":"https:\/\/www.berlianne.com\/de\/wp-json\/wp\/v2\/users\/2"}],"replies":[{"embeddable":true,"href":"https:\/\/www.berlianne.com\/de\/wp-json\/wp\/v2\/comments?post=75"}],"version-history":[{"count":13,"href":"https:\/\/www.berlianne.com\/de\/wp-json\/wp\/v2\/pages\/75\/revisions"}],"predecessor-version":[{"id":288,"href":"https:\/\/www.berlianne.com\/de\/wp-json\/wp\/v2\/pages\/75\/revisions\/288"}],"wp:attachment":[{"href":"https:\/\/www.berlianne.com\/de\/wp-json\/wp\/v2\/media?parent=75"}],"curies":[{"name":"wp","href":"https:\/\/api.w.org\/{rel}","templated":true}]}}